{"id":1233,"date":"2021-02-16T11:44:42","date_gmt":"2021-02-16T11:44:42","guid":{"rendered":"https:\/\/demosites.io\/neve-3\/?page_id=46"},"modified":"2024-02-23T18:38:21","modified_gmt":"2024-02-23T18:38:21","slug":"7b3c2-homepage","status":"publish","type":"page","link":"https:\/\/www.stavrea.cz\/","title":{"rendered":"Homepage"},"content":{"rendered":"\n<div class=\"wp-block-cover alignfull is-repeated\" style=\"min-height:600px;aspect-ratio:unset;\"><span aria-hidden=\"true\" class=\"wp-block-cover__background has-background-dim-60 has-background-dim wp-block-cover__gradient-background has-background-gradient\" style=\"background:linear-gradient(135deg,rgb(10,10,19) 0%,rgb(40,116,252) 100%)\"><\/span><div role=\"img\" class=\"wp-block-cover__image-background wp-image-419 is-repeated\" style=\"background-position:100% 0%;background-image:url(http:\/\/www.stavrea.cz\/wp-content\/uploads\/2021\/10\/title-6.png)\"><\/div><div class=\"wp-block-cover__inner-container is-layout-flow wp-block-cover-is-layout-flow\">\n<div style=\"height:40px\" aria-hidden=\"true\" class=\"wp-block-spacer\"><\/div>\n\n\n\n<div class=\"wp-block-columns are-vertically-aligned-center is-layout-flex wp-container-core-columns-is-layout-9d6595d7 wp-block-columns-is-layout-flex\">\n<div class=\"wp-block-column is-vertically-aligned-center is-layout-flow wp-block-column-is-layout-flow\" style=\"flex-basis:100%\">\n<h1 class=\"wp-block-heading has-text-align-left\" style=\"font-size:56px\">StavRea<\/h1>\n\n\n\n<p class=\"has-text-align-left\" style=\"font-size:1.125em\">Kompletn\u00ed stavebn\u00ed pr\u00e1ce a realizace staveb<\/p>\n<\/div>\n\n\n\n<div class=\"wp-block-column is-vertically-aligned-center is-layout-flow wp-block-column-is-layout-flow\" style=\"flex-basis:30%\">\n<p><\/p>\n<\/div>\n<\/div>\n\n\n\n<div style=\"height:40px\" aria-hidden=\"true\" class=\"wp-block-spacer\"><\/div>\n<\/div><\/div>\n\n\n\n<div style=\"height:40px\" aria-hidden=\"true\" class=\"wp-block-spacer\"><\/div>\n\n\n\n<div class=\"wp-block-columns is-layout-flex wp-container-core-columns-is-layout-9d6595d7 wp-block-columns-is-layout-flex\">\n<div class=\"wp-block-column is-vertically-aligned-center is-layout-flow wp-block-column-is-layout-flow\">\n<figure class=\"wp-block-gallery has-nested-images columns-default is-cropped wp-block-gallery-1 is-layout-flex wp-block-gallery-is-layout-flex\">\n<figure class=\"wp-block-image size-large\"><img loading=\"lazy\" decoding=\"async\" width=\"1024\" height=\"768\" data-id=\"1264\" src=\"https:\/\/www.stavrea.cz\/wp-content\/uploads\/2024\/02\/IMG_1390-1024x768.jpeg\" alt=\"\" class=\"wp-image-1264\" srcset=\"https:\/\/www.stavrea.cz\/wp-content\/uploads\/2024\/02\/IMG_1390-1024x768.jpeg 1024w, https:\/\/www.stavrea.cz\/wp-content\/uploads\/2024\/02\/IMG_1390-300x225.jpeg 300w, https:\/\/www.stavrea.cz\/wp-content\/uploads\/2024\/02\/IMG_1390-768x576.jpeg 768w, https:\/\/www.stavrea.cz\/wp-content\/uploads\/2024\/02\/IMG_1390-1536x1152.jpeg 1536w, https:\/\/www.stavrea.cz\/wp-content\/uploads\/2024\/02\/IMG_1390-2048x1536.jpeg 2048w\" sizes=\"auto, (max-width: 1024px) 100vw, 1024px\" \/><\/figure>\n\n\n\n<figure class=\"wp-block-image size-large\"><img loading=\"lazy\" decoding=\"async\" width=\"1024\" height=\"768\" data-id=\"1263\" src=\"https:\/\/www.stavrea.cz\/wp-content\/uploads\/2024\/02\/IMG_1392-1024x768.jpeg\" alt=\"\" class=\"wp-image-1263\" srcset=\"https:\/\/www.stavrea.cz\/wp-content\/uploads\/2024\/02\/IMG_1392-1024x768.jpeg 1024w, https:\/\/www.stavrea.cz\/wp-content\/uploads\/2024\/02\/IMG_1392-300x225.jpeg 300w, https:\/\/www.stavrea.cz\/wp-content\/uploads\/2024\/02\/IMG_1392-768x576.jpeg 768w, https:\/\/www.stavrea.cz\/wp-content\/uploads\/2024\/02\/IMG_1392-1536x1152.jpeg 1536w, https:\/\/www.stavrea.cz\/wp-content\/uploads\/2024\/02\/IMG_1392-2048x1536.jpeg 2048w\" sizes=\"auto, (max-width: 1024px) 100vw, 1024px\" \/><\/figure>\n\n\n\n<figure class=\"wp-block-image size-large\"><img loading=\"lazy\" decoding=\"async\" width=\"1024\" height=\"768\" data-id=\"1262\" src=\"https:\/\/www.stavrea.cz\/wp-content\/uploads\/2024\/02\/IMG_1238-1024x768.jpeg\" alt=\"\" class=\"wp-image-1262\" srcset=\"https:\/\/www.stavrea.cz\/wp-content\/uploads\/2024\/02\/IMG_1238-1024x768.jpeg 1024w, https:\/\/www.stavrea.cz\/wp-content\/uploads\/2024\/02\/IMG_1238-300x225.jpeg 300w, https:\/\/www.stavrea.cz\/wp-content\/uploads\/2024\/02\/IMG_1238-768x576.jpeg 768w, https:\/\/www.stavrea.cz\/wp-content\/uploads\/2024\/02\/IMG_1238-1536x1152.jpeg 1536w, https:\/\/www.stavrea.cz\/wp-content\/uploads\/2024\/02\/IMG_1238-2048x1536.jpeg 2048w\" sizes=\"auto, (max-width: 1024px) 100vw, 1024px\" \/><\/figure>\n\n\n\n<figure class=\"wp-block-image size-large\"><img loading=\"lazy\" decoding=\"async\" width=\"1024\" height=\"576\" data-id=\"1261\" src=\"https:\/\/www.stavrea.cz\/wp-content\/uploads\/2024\/02\/00BD6B2B-C6D3-4EBA-A90C-A372C91558F5-1024x576.jpg\" alt=\"\" class=\"wp-image-1261\" srcset=\"https:\/\/www.stavrea.cz\/wp-content\/uploads\/2024\/02\/00BD6B2B-C6D3-4EBA-A90C-A372C91558F5-1024x576.jpg 1024w, https:\/\/www.stavrea.cz\/wp-content\/uploads\/2024\/02\/00BD6B2B-C6D3-4EBA-A90C-A372C91558F5-300x169.jpg 300w, https:\/\/www.stavrea.cz\/wp-content\/uploads\/2024\/02\/00BD6B2B-C6D3-4EBA-A90C-A372C91558F5-768x432.jpg 768w, https:\/\/www.stavrea.cz\/wp-content\/uploads\/2024\/02\/00BD6B2B-C6D3-4EBA-A90C-A372C91558F5-1536x864.jpg 1536w, https:\/\/www.stavrea.cz\/wp-content\/uploads\/2024\/02\/00BD6B2B-C6D3-4EBA-A90C-A372C91558F5-2048x1152.jpg 2048w\" sizes=\"auto, (max-width: 1024px) 100vw, 1024px\" \/><\/figure>\n\n\n\n<figure class=\"wp-block-image size-large\"><img decoding=\"async\" data-id=\"1250\" src=\"https:\/\/www.stavrea.cz\/wp-content\/uploads\/2022\/06\/E9FCBA71-AC46-4849-9AA2-3917960260D7.heic\" alt=\"\" class=\"wp-image-1250\"\/><\/figure>\n<\/figure>\n<\/div>\n\n\n\n<div class=\"wp-block-column is-vertically-aligned-center is-layout-flow wp-block-column-is-layout-flow\">\n<h2 class=\"wp-block-heading\">Informace<\/h2>\n\n\n\n<p>Spole\u010dnost StavRea byla zalo\u017eena  na po\u010d\u00e1tku roku 2022. <br>Podn\u011btem byla pot\u0159eba rekonstrukce historick\u00e9ho objektu barokn\u00edho Ml\u00fdna v pra\u017esk\u00e9 Libni. V opu\u0161t\u011bn\u00e9m objektu poni\u010den\u00e9m povodn\u011bmi vznikalo kulturn\u00ed centrum. <br>Pr\u00e1ce byly \u00fasp\u011b\u0161n\u011b zvl\u00e1dnuty a od z\u00e1\u0159\u00ed 2023 je Velk\u00fd ml\u00fdn otev\u0159en ve\u0159ejnosti.<\/p>\n\n\n\n<p>Navazuj\u00edc\u00edmi projekty jsou rekonstrukce byt\u016f a dal\u0161\u00ed stavebn\u00ed pr\u00e1ce.<\/p>\n\n\n\n<p><\/p>\n<\/div>\n<\/div>\n\n\n\n<div class=\"wp-block-columns are-vertically-aligned-top is-layout-flex wp-container-core-columns-is-layout-9d6595d7 wp-block-columns-is-layout-flex\">\n<div class=\"wp-block-column is-vertically-aligned-top is-layout-flow wp-block-column-is-layout-flow\">\n<figure class=\"wp-block-image size-full\"><img loading=\"lazy\" decoding=\"async\" width=\"800\" height=\"800\" src=\"http:\/\/www.stavrea.cz\/wp-content\/uploads\/2021\/10\/neve-demo-image-28.png\" alt=\"\" class=\"wp-image-378\"\/><\/figure>\n\n\n\n<h3 class=\"wp-block-heading\">P\u0159\u00edpravn\u00e9 pr\u00e1ce<\/h3>\n\n\n\n<p>Spole\u010dnost zaji\u0161\u0165uje p\u0159\u00edpravn\u00e9 stavebn\u00ed pr\u00e1ce.<\/p>\n<\/div>\n\n\n\n<div class=\"wp-block-column is-vertically-aligned-top is-layout-flow wp-block-column-is-layout-flow\">\n<figure class=\"wp-block-image size-full\"><img loading=\"lazy\" decoding=\"async\" width=\"800\" height=\"800\" src=\"http:\/\/www.stavrea.cz\/wp-content\/uploads\/2021\/10\/neve-demo-image-29.png\" alt=\"\" class=\"wp-image-373\"\/><\/figure>\n\n\n\n<h3 class=\"wp-block-heading\">Kompletn\u00ed realizace stavby<\/h3>\n\n\n\n<p>Realizace stavebn\u00edch i odborn\u00fdch \u010dinnost\u00ed<\/p>\n<\/div>\n\n\n\n<div class=\"wp-block-column is-vertically-aligned-top is-layout-flow wp-block-column-is-layout-flow\">\n<figure class=\"wp-block-image size-full\"><img loading=\"lazy\" decoding=\"async\" width=\"800\" height=\"800\" src=\"http:\/\/www.stavrea.cz\/wp-content\/uploads\/2021\/10\/neve-demo-image-31.png\" alt=\"\" class=\"wp-image-375\"\/><\/figure>\n\n\n\n<h3 class=\"wp-block-heading\">N\u00e1vrhy \u0159e\u0161en\u00ed<\/h3>\n\n\n\n<p>Projektov\u00e9 pr\u00e1ce pom\u016f\u017eeme zajistit ve spolupr\u00e1ci s partnersk\u00fdmi spole\u010dnostmi.<\/p>\n<\/div>\n<\/div>\n\n\n\n<div style=\"height:40px\" aria-hidden=\"true\" class=\"wp-block-spacer\"><\/div>\n","protected":false},"excerpt":{"rendered":"<p>Informace Spole\u010dnost StavRea byla zalo\u017eena na po\u010d\u00e1tku roku 2022. Podn\u011btem byla pot\u0159eba rekonstrukce historick\u00e9ho objektu barokn\u00edho Ml\u00fdna v pra\u017esk\u00e9 Libni. V opu\u0161t\u011bn\u00e9m objektu poni\u010den\u00e9m povodn\u011bmi vznikalo kulturn\u00ed centrum. Pr\u00e1ce byly \u00fasp\u011b\u0161n\u011b zvl\u00e1dnuty a od z\u00e1\u0159\u00ed 2023 je Velk\u00fd ml\u00fdn otev\u0159en ve\u0159ejnosti. Navazuj\u00edc\u00edmi projekty jsou rekonstrukce byt\u016f a dal\u0161\u00ed stavebn\u00ed pr\u00e1ce. P\u0159\u00edpravn\u00e9 pr\u00e1ce Spole\u010dnost zaji\u0161\u0165uje p\u0159\u00edpravn\u00e9&hellip;&nbsp;<a href=\"https:\/\/www.stavrea.cz\/\" class=\"\" rel=\"bookmark\">\u010c\u00edst d\u00e1le &raquo;<span class=\"screen-reader-text\">Homepage<\/span><\/a><\/p>\n","protected":false},"author":1,"featured_media":0,"parent":0,"menu_order":0,"comment_status":"closed","ping_status":"closed","template":"","meta":{"neve_meta_sidebar":"full-width","neve_meta_container":"contained","neve_meta_enable_content_width":"on","neve_meta_content_width":100,"neve_meta_title_alignment":"","neve_meta_author_avatar":"","neve_post_elements_order":"","neve_meta_disable_header":"","neve_meta_disable_footer":"","neve_meta_disable_title":"on","_ti_tpc_template_sync":false,"_ti_tpc_template_id":"","footnotes":""},"class_list":["post-1233","page","type-page","status-publish","hentry"],"_links":{"self":[{"href":"https:\/\/www.stavrea.cz\/index.php?rest_route=\/wp\/v2\/pages\/1233","targetHints":{"allow":["GET"]}}],"collection":[{"href":"https:\/\/www.stavrea.cz\/index.php?rest_route=\/wp\/v2\/pages"}],"about":[{"href":"https:\/\/www.stavrea.cz\/index.php?rest_route=\/wp\/v2\/types\/page"}],"author":[{"embeddable":true,"href":"https:\/\/www.stavrea.cz\/index.php?rest_route=\/wp\/v2\/users\/1"}],"replies":[{"embeddable":true,"href":"https:\/\/www.stavrea.cz\/index.php?rest_route=%2Fwp%2Fv2%2Fcomments&post=1233"}],"version-history":[{"count":5,"href":"https:\/\/www.stavrea.cz\/index.php?rest_route=\/wp\/v2\/pages\/1233\/revisions"}],"predecessor-version":[{"id":1265,"href":"https:\/\/www.stavrea.cz\/index.php?rest_route=\/wp\/v2\/pages\/1233\/revisions\/1265"}],"wp:attachment":[{"href":"https:\/\/www.stavrea.cz\/index.php?rest_route=%2Fwp%2Fv2%2Fmedia&parent=1233"}],"curies":[{"name":"wp","href":"https:\/\/api.w.org\/{rel}","templated":true}]}}